{"id":7,"date":"2026-01-23T06:37:59","date_gmt":"2026-01-23T06:37:59","guid":{"rendered":"https:\/\/dnasukcesu.pl\/?page_id=7"},"modified":"2026-01-23T18:20:11","modified_gmt":"2026-01-23T18:20:11","slug":"juz-wkrotce","status":"publish","type":"page","link":"https:\/\/dnasukcesu.pl\/","title":{"rendered":"Ju\u017c wkr\u00f3tce"},"content":{"rendered":"<p><img loading=\"lazy\" decoding=\"async\" class=\"op3-element__image op3-element-image__image\" title=\"DNA Sukcesu Logo\" src=\"https:\/\/dnasukcesu.pl\/wp-content\/uploads\/2026\/01\/DNA-Sukcesu-Logo-e1768228685468.png\" alt=\"\" width=\"840\" height=\"508\" data-op3-attachment-id=\"11\" \/><\/p>\n<h2>Trwaj\u0105 Prace<\/h2>\n<p>Zaczynamy ju\u017c nied\u0142ugo!<\/p>\n<p><img loading=\"lazy\" decoding=\"async\" class=\"op3-element__image op3-element-image__image\" title=\"DNA Sukcesu Logo\" src=\"https:\/\/dnasukcesu.pl\/wp-content\/uploads\/2026\/01\/DNA-Sukcesu-Logo-e1768228685468.png\" alt=\"\" width=\"840\" height=\"508\" data-op3-attachment-id=\"11\" \/><\/p>\n<p>Pomagamy ambitnym osobom, krok po kroku doj\u015b\u0107 do \u017cycia, o jakim marz\u0105.<\/p>\n<p>Copyright \u00a9 2026 \u00b7 DNA Sukcesu<\/p>\n","protected":false},"excerpt":{"rendered":"<p>Trwaj\u0105 Prace Zaczynamy ju\u017c nied\u0142ugo! Pomagamy ambitnym osobom, krok po kroku doj\u015b\u0107 do \u017cycia, o jakim marz\u0105. Copyright \u00a9 2026 \u00b7 DNA Sukcesu<\/p>\n","protected":false},"author":1,"featured_media":0,"parent":0,"menu_order":0,"comment_status":"closed","ping_status":"closed","template":"op_builder_blank","meta":{"footnotes":""},"class_list":["post-7","page","type-page","status-publish","hentry"],"_links":{"self":[{"href":"https:\/\/dnasukcesu.pl\/index.php\/wp-json\/wp\/v2\/pages\/7","targetHints":{"allow":["GET"]}}],"collection":[{"href":"https:\/\/dnasukcesu.pl\/index.php\/wp-json\/wp\/v2\/pages"}],"about":[{"href":"https:\/\/dnasukcesu.pl\/index.php\/wp-json\/wp\/v2\/types\/page"}],"author":[{"embeddable":true,"href":"https:\/\/dnasukcesu.pl\/index.php\/wp-json\/wp\/v2\/users\/1"}],"replies":[{"embeddable":true,"href":"https:\/\/dnasukcesu.pl\/index.php\/wp-json\/wp\/v2\/comments?post=7"}],"version-history":[{"count":8,"href":"https:\/\/dnasukcesu.pl\/index.php\/wp-json\/wp\/v2\/pages\/7\/revisions"}],"predecessor-version":[{"id":33,"href":"https:\/\/dnasukcesu.pl\/index.php\/wp-json\/wp\/v2\/pages\/7\/revisions\/33"}],"wp:attachment":[{"href":"https:\/\/dnasukcesu.pl\/index.php\/wp-json\/wp\/v2\/media?parent=7"}],"curies":[{"name":"wp","href":"https:\/\/api.w.org\/{rel}","templated":true}]}}